{"id":1797,"date":"2021-04-03T12:03:25","date_gmt":"2021-04-03T10:03:25","guid":{"rendered":"https:\/\/plumeriakopen.nl\/?page_id=1797"},"modified":"2021-04-03T12:08:42","modified_gmt":"2021-04-03T10:08:42","slug":"peters-2000","status":"publish","type":"page","link":"https:\/\/plumeriakopen.nl\/de\/peters-2000\/","title":{"rendered":"Peters 2000"},"content":{"rendered":"<div data-elementor-type=\"wp-page\" data-elementor-id=\"1797\" class=\"elementor elementor-1797\" data-elementor-post-type=\"page\">\n\t\t\t\t\t\t<section class=\"elementor-section elementor-top-section elementor-element elementor-element-3389474 elementor-section-boxed elementor-section-height-default elementor-section-height-default\" data-id=\"3389474\" data-element_type=\"section\">\n\t\t\t\t\t\t<div class=\"elementor-container elementor-column-gap-default\">\n\t\t\t\t\t<div class=\"elementor-column elementor-col-50 elementor-top-column elementor-element elementor-element-9469222\" data-id=\"9469222\" data-element_type=\"column\">\n\t\t\t<div class=\"elementor-widget-wrap elementor-element-populated\">\n\t\t\t\t\t\t<div class=\"elementor-element elementor-element-a892e1b elementor-widget elementor-widget-image\" data-id=\"a892e1b\" data-element_type=\"widget\" data-widget_type=\"image.default\">\n\t\t\t\t<div class=\"elementor-widget-container\">\n\t\t\t\t\t\t\t\t\t\t\t\t\t\t\t<img fetchpriority=\"high\" decoding=\"async\" width=\"595\" height=\"500\" src=\"https:\/\/plumeriakopen.nl\/wp-content\/uploads\/2021\/04\/Peters-2000-500gr-2-595x500px.jpg\" class=\"attachment-large size-large wp-image-1775\" alt=\"Peters 2000-500gr-2-595x500px\" srcset=\"https:\/\/plumeriakopen.nl\/wp-content\/uploads\/2021\/04\/Peters-2000-500gr-2-595x500px.jpg 595w, https:\/\/plumeriakopen.nl\/wp-content\/uploads\/2021\/04\/Peters-2000-500gr-2-595x500px-300x252.jpg 300w, https:\/\/plumeriakopen.nl\/wp-content\/uploads\/2021\/04\/Peters-2000-500gr-2-595x500px-14x12.jpg 14w\" sizes=\"(max-width: 595px) 100vw, 595px\" \/>\t\t\t\t\t\t\t\t\t\t\t\t\t\t\t<\/div>\n\t\t\t\t<\/div>\n\t\t\t\t\t<\/div>\n\t\t<\/div>\n\t\t\t\t<div class=\"elementor-column elementor-col-50 elementor-top-column elementor-element elementor-element-18d5feb\" data-id=\"18d5feb\" data-element_type=\"column\">\n\t\t\t<div class=\"elementor-widget-wrap elementor-element-populated\">\n\t\t\t\t\t\t<div class=\"elementor-element elementor-element-e87ccf2 elementor-widget elementor-widget-heading\" data-id=\"e87ccf2\" data-element_type=\"widget\" data-widget_type=\"heading.default\">\n\t\t\t\t<div class=\"elementor-widget-container\">\n\t\t\t\t\t<h3 class=\"elementor-heading-title elementor-size-default\">Peters 10\/52\/10 und Peters 20\/20\/20<\/h3>\t\t\t\t<\/div>\n\t\t\t\t<\/div>\n\t\t\t\t<div class=\"elementor-element elementor-element-c60fb35 elementor-widget elementor-widget-text-editor\" data-id=\"c60fb35\" data-element_type=\"widget\" data-widget_type=\"text-editor.default\">\n\t\t\t\t<div class=\"elementor-widget-container\">\n\t\t\t\t\t\t\t\t\t<p>Der am besten l\u00f6sliche D\u00fcnger aus professionellem Anbau, in Kristallform erh\u00e4ltlich, 100 % wasserl\u00f6slich ohne Sedimentbildung.<\/p>\n<p>Dadurch geeignet zum Verschenken \u00fcber die Gie\u00dfkanne sowie \u00fcber ein Bew\u00e4sserungssystem (Vorratstank etc.) Ideal f\u00fcr Gem\u00fcse, Kr\u00e4uter, Zierpflanzen (wird oft bei Orchideen und anderen Bl\u00fctenpflanzen verwendet). Wir nennen dies eine \u201e2nd Phase G\u00fclle\u201c: das erste Wachstum wird mit der \u201e1st Phase G\u00fclle\u201c (10+52+10) unterst\u00fctzt, nun kann sich das Blattwachstum stabilisieren und die Knospenbildung bzw. Fruchtbildung kann stattfinden.&nbsp;<\/p><p>Orchideen beginnen im 2. Stadium, da das Blattwachstum klein ist. Danach gibt es noch eine \u201e3rd Phase G\u00fclle\u201c.<\/p><p>Durchschnittliche Dosierung: 1 Gramm pro 1 Liter Wasser.&nbsp;<\/p><p>TECHNISCHE INFORMATION:<\/p><p>Enth\u00e4lt neben Stickstoff (20%), Phosphor (20%) und Kalium (20%) folgende Spurenelemente: Bor (0,02%), Kupfer (0,015%), Eisen (0,12%), Mangan (0,06%), Molybd\u00e4n ( 0,01%), Schwefel (0,1%) und Zink (0,015%).<\/p>\t\t\t\t\t\t\t\t<\/div>\n\t\t\t\t<\/div>\n\t\t\t\t<div class=\"elementor-element elementor-element-a2f68b0 elementor-widget elementor-widget-button\" data-id=\"a2f68b0\" data-element_type=\"widget\" data-widget_type=\"button.default\">\n\t\t\t\t<div class=\"elementor-widget-container\">\n\t\t\t\t\t\t\t\t\t<div class=\"elementor-button-wrapper\">\n\t\t\t\t\t<a class=\"elementor-button elementor-button-link elementor-size-sm\" href=\"https:\/\/plumeriakopen.nl\/de\/contact\/\">\n\t\t\t\t\t\t<span class=\"elementor-button-content-wrapper\">\n\t\t\t\t\t\t\t\t\t<span class=\"elementor-button-text\">Weitere Informationen?<\/span>\n\t\t\t\t\t<\/span>\n\t\t\t\t\t<\/a>\n\t\t\t\t<\/div>\n\t\t\t\t\t\t\t\t<\/div>\n\t\t\t\t<\/div>\n\t\t\t\t\t<\/div>\n\t\t<\/div>\n\t\t\t\t\t<\/div>\n\t\t<\/section>\n\t\t\t\t<\/div>","protected":false},"excerpt":{"rendered":"<p>Peters 10\/52\/10 en Peters 20\/20\/20 De best oplosbare kunstmest uit de professionele teelt die in kristalvorm te koop is, 100% oplosbaar in water zonder vorming van bezinksel. Hierdoor zowel geschikt voor gift via de gieter als via een watergeefsysteem (voorraadtank e.d.) Ideaal voor groenten, kruiden, sierplanten (veel gebruikt bij orchidee\u00ebn en andere bloeiende planten). We [&hellip;]<\/p>","protected":false},"author":1,"featured_media":0,"parent":0,"menu_order":0,"comment_status":"closed","ping_status":"closed","template":"","meta":{"_seopress_robots_primary_cat":"","_seopress_titles_title":"","_seopress_titles_desc":"","_seopress_robots_index":"","_monsterinsights_skip_tracking":false,"_monsterinsights_sitenote_active":false,"_monsterinsights_sitenote_note":"","_monsterinsights_sitenote_category":0,"footnotes":""},"class_list":["post-1797","page","type-page","status-publish","hentry"],"_links":{"self":[{"href":"https:\/\/plumeriakopen.nl\/de\/wp-json\/wp\/v2\/pages\/1797","targetHints":{"allow":["GET"]}}],"collection":[{"href":"https:\/\/plumeriakopen.nl\/de\/wp-json\/wp\/v2\/pages"}],"about":[{"href":"https:\/\/plumeriakopen.nl\/de\/wp-json\/wp\/v2\/types\/page"}],"author":[{"embeddable":true,"href":"https:\/\/plumeriakopen.nl\/de\/wp-json\/wp\/v2\/users\/1"}],"replies":[{"embeddable":true,"href":"https:\/\/plumeriakopen.nl\/de\/wp-json\/wp\/v2\/comments?post=1797"}],"version-history":[{"count":10,"href":"https:\/\/plumeriakopen.nl\/de\/wp-json\/wp\/v2\/pages\/1797\/revisions"}],"predecessor-version":[{"id":1809,"href":"https:\/\/plumeriakopen.nl\/de\/wp-json\/wp\/v2\/pages\/1797\/revisions\/1809"}],"wp:attachment":[{"href":"https:\/\/plumeriakopen.nl\/de\/wp-json\/wp\/v2\/media?parent=1797"}],"curies":[{"name":"wp","href":"https:\/\/api.w.org\/{rel}","templated":true}]}}