{"id":7,"date":"2019-08-25T17:04:17","date_gmt":"2019-08-25T15:04:17","guid":{"rendered":"https:\/\/plumeriakopen.nl\/?page_id=7"},"modified":"2022-08-01T10:58:02","modified_gmt":"2022-08-01T08:58:02","slug":"home","status":"publish","type":"page","link":"https:\/\/plumeriakopen.nl\/de\/","title":{"rendered":"Home"},"content":{"rendered":"<div data-elementor-type=\"wp-page\" data-elementor-id=\"7\" class=\"elementor elementor-7\" data-elementor-post-type=\"page\">\n\t\t\t\t\t\t<section class=\"elementor-section elementor-top-section elementor-element elementor-element-7b3fd9a1 elementor-section-full_width elementor-section-height-default elementor-section-height-default\" data-id=\"7b3fd9a1\" data-element_type=\"section\">\n\t\t\t\t\t\t<div class=\"elementor-container elementor-column-gap-no\">\n\t\t\t\t\t<div class=\"elementor-column elementor-col-100 elementor-top-column elementor-element elementor-element-38e0c2c5\" data-id=\"38e0c2c5\" data-element_type=\"column\">\n\t\t\t<div class=\"elementor-widget-wrap elementor-element-populated\">\n\t\t\t\t\t\t<div class=\"elementor-element elementor-element-6ec3537b elementor--h-position-left elementor--v-position-top elementor-arrows-position-inside elementor-widget elementor-widget-slides\" data-id=\"6ec3537b\" data-element_type=\"widget\" data-settings=\"{&quot;navigation&quot;:&quot;arrows&quot;,&quot;autoplay_speed&quot;:&quot;4000&quot;,&quot;autoplay&quot;:&quot;yes&quot;,&quot;pause_on_hover&quot;:&quot;yes&quot;,&quot;pause_on_interaction&quot;:&quot;yes&quot;,&quot;infinite&quot;:&quot;yes&quot;,&quot;transition&quot;:&quot;slide&quot;,&quot;transition_speed&quot;:500}\" data-widget_type=\"slides.default\">\n\t\t\t\t<div class=\"elementor-widget-container\">\n\t\t\t\t\t\t\t\t\t<div class=\"elementor-swiper\">\n\t\t\t\t\t<div class=\"elementor-slides-wrapper elementor-main-swiper swiper\" role=\"region\" aria-roledescription=\"carousel\" aria-label=\"Slider\" dir=\"ltr\" data-animation=\"fadeInLeft\">\n\t\t\t\t<div class=\"swiper-wrapper elementor-slides\">\n\t\t\t\t\t\t\t\t\t\t<div class=\"elementor-repeater-item-134937b swiper-slide\" role=\"group\" aria-roledescription=\"slide\"><div class=\"swiper-slide-bg elementor-ken-burns elementor-ken-burns--in\" role=\"img\" aria-label=\"slider-home-2-1920x947\"><\/div><div class=\"swiper-slide-inner\" ><div class=\"swiper-slide-contents\"><\/div><\/div><\/div>\t\t\t\t<\/div>\n\t\t\t\t\t\t\t<\/div>\n\t\t\t\t<\/div>\n\t\t\t\t\t\t\t\t<\/div>\n\t\t\t\t<\/div>\n\t\t\t\t\t<\/div>\n\t\t<\/div>\n\t\t\t\t\t<\/div>\n\t\t<\/section>\n\t\t\t\t<section class=\"elementor-section elementor-top-section elementor-element elementor-element-c468de2 elementor-section-boxed elementor-section-height-default elementor-section-height-default\" data-id=\"c468de2\" data-element_type=\"section\">\n\t\t\t\t\t\t<div class=\"elementor-container elementor-column-gap-default\">\n\t\t\t\t\t<div class=\"elementor-column elementor-col-100 elementor-top-column elementor-element elementor-element-aa526b7\" data-id=\"aa526b7\" data-element_type=\"column\">\n\t\t\t<div class=\"elementor-widget-wrap elementor-element-populated\">\n\t\t\t\t\t\t<div class=\"elementor-element elementor-element-59ea25c elementor-hidden-phone elementor-hidden-tablet elementor-widget elementor-widget-spacer\" data-id=\"59ea25c\" data-element_type=\"widget\" data-widget_type=\"spacer.default\">\n\t\t\t\t<div class=\"elementor-widget-container\">\n\t\t\t\t\t\t\t<div class=\"elementor-spacer\">\n\t\t\t<div class=\"elementor-spacer-inner\"><\/div>\n\t\t<\/div>\n\t\t\t\t\t\t<\/div>\n\t\t\t\t<\/div>\n\t\t\t\t<div class=\"elementor-element elementor-element-fd0524f elementor-widget elementor-widget-heading\" data-id=\"fd0524f\" data-element_type=\"widget\" data-widget_type=\"heading.default\">\n\t\t\t\t<div class=\"elementor-widget-container\">\n\t\t\t\t\t<h2 class=\"elementor-heading-title elementor-size-default\">Plumeria<\/h2>\t\t\t\t<\/div>\n\t\t\t\t<\/div>\n\t\t\t\t<section class=\"elementor-section elementor-inner-section elementor-element elementor-element-f31f97b elementor-section-boxed elementor-section-height-default elementor-section-height-default\" data-id=\"f31f97b\" data-element_type=\"section\">\n\t\t\t\t\t\t<div class=\"elementor-container elementor-column-gap-default\">\n\t\t\t\t\t<div class=\"elementor-column elementor-col-50 elementor-inner-column elementor-element elementor-element-c1135f3\" data-id=\"c1135f3\" data-element_type=\"column\">\n\t\t\t<div class=\"elementor-widget-wrap elementor-element-populated\">\n\t\t\t\t\t\t<div class=\"elementor-element elementor-element-8c3931f elementor-widget elementor-widget-text-editor\" data-id=\"8c3931f\" data-element_type=\"widget\" data-widget_type=\"text-editor.default\">\n\t\t\t\t<div class=\"elementor-widget-container\">\n\t\t\t\t\t\t\t\t\t<p>Plumeria, Frangipani, Pagode oder auch Temple Tree ist ein sukkulenter Strauch oder kleiner Baum. In der Trockenzeit kann es laubabwerfend sein. Sie werden etwa 3 m hoch und in ihrer nat\u00fcrlichen Umgebung k\u00f6nnen sie bis zu 8 m hoch werden. Mit abwechselnd angeordneten, bis zu 40 cm langen, ledrigen, tiefgr\u00fcnen lanzettf\u00f6rmigen Bl\u00e4ttern. Die Bl\u00fcten erscheinen gew\u00f6hnlich in B\u00fcscheln am Ende der Triebe und verbreiten einen intensiven, bezaubernden Duft.<br>Zaailingen &nbsp;bloeien op zijn vroegst na 3-4 jaar mits goede voeding en veel zon. De bloemkleur en -vorm zijn niet altijd identiek aan die van de moederplanten. Alleen een stek is een 100% kloon. Het is heel goed mogelijk dat de nieuwe bloemen een iets ander kleurenspectrum hebben, wat nieuwe rassen kan inspireren!<\/p>\n<p class=\"translation-block\">Es gibt verschiedene Methoden zur Kultivierung der Plumeria. Mit<a href=\"https:\/\/plumeriakopen.nl\/de\/plumeria\/zaden\/\" target=\"_self\"> Samen<\/a> k\u00f6nnen Sie das ganze Jahr \u00fcber arbeiten. Drau\u00dfen oder drinnen, das h\u00e4ngt von der Temperatur ab. Es ist auch m\u00f6glich, eine Wachstumsleuchte zu verwenden. Am besten ist es, mit Stecklingen im Fr\u00fchjahr zu beginnen. F\u00fcr das beste Ergebnis k\u00f6nnen Sie dann eine W\u00e4rmematte verwenden.<\/p>\n<p class=\"translation-block\">Ich z\u00fcchte diese sch\u00f6nen <a href=\"https:\/\/plumeriakopen.nl\/de\/plumeria\/planten\/\" target=\"_self\">Pflanzen<\/a> seit 2015 und bekomme Samen und Stecklinge aus verschiedenen L\u00e4ndern.<\/p>\t\t\t\t\t\t\t\t<\/div>\n\t\t\t\t<\/div>\n\t\t\t\t\t<\/div>\n\t\t<\/div>\n\t\t\t\t<div class=\"elementor-column elementor-col-50 elementor-inner-column elementor-element elementor-element-606b10a\" data-id=\"606b10a\" data-element_type=\"column\">\n\t\t\t<div class=\"elementor-widget-wrap elementor-element-populated\">\n\t\t\t\t\t\t<div class=\"elementor-element elementor-element-ab291aa elementor-widget elementor-widget-image\" data-id=\"ab291aa\" data-element_type=\"widget\" data-widget_type=\"image.default\">\n\t\t\t\t<div class=\"elementor-widget-container\">\n\t\t\t\t\t\t\t\t\t\t\t\t\t\t\t<img fetchpriority=\"high\" decoding=\"async\" width=\"600\" height=\"800\" src=\"https:\/\/plumeriakopen.nl\/wp-content\/uploads\/2021\/06\/home-plumeriakopen-rechts-800x600px.jpg\" class=\"attachment-large size-large wp-image-1856\" alt=\"home-plumeriakopen-rechts-800x600px\" srcset=\"https:\/\/plumeriakopen.nl\/wp-content\/uploads\/2021\/06\/home-plumeriakopen-rechts-800x600px.jpg 600w, https:\/\/plumeriakopen.nl\/wp-content\/uploads\/2021\/06\/home-plumeriakopen-rechts-800x600px-225x300.jpg 225w, https:\/\/plumeriakopen.nl\/wp-content\/uploads\/2021\/06\/home-plumeriakopen-rechts-800x600px-9x12.jpg 9w\" sizes=\"(max-width: 600px) 100vw, 600px\" \/>\t\t\t\t\t\t\t\t\t\t\t\t\t\t\t<\/div>\n\t\t\t\t<\/div>\n\t\t\t\t\t<\/div>\n\t\t<\/div>\n\t\t\t\t\t<\/div>\n\t\t<\/section>\n\t\t\t\t<div class=\"elementor-element elementor-element-4bb15dc elementor-widget elementor-widget-spacer\" data-id=\"4bb15dc\" data-element_type=\"widget\" data-widget_type=\"spacer.default\">\n\t\t\t\t<div class=\"elementor-widget-container\">\n\t\t\t\t\t\t\t<div class=\"elementor-spacer\">\n\t\t\t<div class=\"elementor-spacer-inner\"><\/div>\n\t\t<\/div>\n\t\t\t\t\t\t<\/div>\n\t\t\t\t<\/div>\n\t\t\t\t\t<\/div>\n\t\t<\/div>\n\t\t\t\t\t<\/div>\n\t\t<\/section>\n\t\t\t\t<section class=\"elementor-section elementor-top-section elementor-element elementor-element-507f5ae elementor-section-boxed elementor-section-height-default elementor-section-height-default\" data-id=\"507f5ae\" data-element_type=\"section\">\n\t\t\t\t\t\t<div class=\"elementor-container elementor-column-gap-default\">\n\t\t\t\t\t<div class=\"elementor-column elementor-col-25 elementor-top-column elementor-element elementor-element-49d0c25\" data-id=\"49d0c25\" data-element_type=\"column\">\n\t\t\t<div class=\"elementor-widget-wrap elementor-element-populated\">\n\t\t\t\t\t\t<div class=\"elementor-element elementor-element-a1e8730 elementor-widget elementor-widget-heading\" data-id=\"a1e8730\" data-element_type=\"widget\" data-widget_type=\"heading.default\">\n\t\t\t\t<div class=\"elementor-widget-container\">\n\t\t\t\t\t<h2 class=\"elementor-heading-title elementor-size-default\"><a href=\"https:\/\/plumeriakopen.nl\/de\/plumeria\/planten\/\">Pflanzen<\/a><\/h2>\t\t\t\t<\/div>\n\t\t\t\t<\/div>\n\t\t\t\t<div class=\"elementor-element elementor-element-386b83a elementor-widget elementor-widget-image\" data-id=\"386b83a\" data-element_type=\"widget\" data-settings=\"{&quot;_animation&quot;:&quot;none&quot;}\" data-widget_type=\"image.default\">\n\t\t\t\t<div class=\"elementor-widget-container\">\n\t\t\t\t\t\t\t\t\t\t\t\t\t\t\t\t<a href=\"https:\/\/plumeriakopen.nl\/de\/plumeria\/planten\/\">\n\t\t\t\t\t\t\t<img decoding=\"async\" width=\"500\" height=\"500\" src=\"https:\/\/plumeriakopen.nl\/wp-content\/uploads\/2020\/09\/Plumeria-plant-ll-500x500px.jpg\" class=\"elementor-animation-shrink attachment-full size-full wp-image-1302\" alt=\"Plumeria-plant-ll-500x500px\" srcset=\"https:\/\/plumeriakopen.nl\/wp-content\/uploads\/2020\/09\/Plumeria-plant-ll-500x500px.jpg 500w, https:\/\/plumeriakopen.nl\/wp-content\/uploads\/2020\/09\/Plumeria-plant-ll-500x500px-300x300.jpg 300w, https:\/\/plumeriakopen.nl\/wp-content\/uploads\/2020\/09\/Plumeria-plant-ll-500x500px-150x150.jpg 150w\" sizes=\"(max-width: 500px) 100vw, 500px\" \/>\t\t\t\t\t\t\t\t<\/a>\n\t\t\t\t\t\t\t\t\t\t\t\t\t\t\t<\/div>\n\t\t\t\t<\/div>\n\t\t\t\t\t<\/div>\n\t\t<\/div>\n\t\t\t\t<div class=\"elementor-column elementor-col-25 elementor-top-column elementor-element elementor-element-a4355c5\" data-id=\"a4355c5\" data-element_type=\"column\">\n\t\t\t<div class=\"elementor-widget-wrap elementor-element-populated\">\n\t\t\t\t\t\t<div class=\"elementor-element elementor-element-4507d4a elementor-widget elementor-widget-heading\" data-id=\"4507d4a\" data-element_type=\"widget\" data-widget_type=\"heading.default\">\n\t\t\t\t<div class=\"elementor-widget-container\">\n\t\t\t\t\t<h2 class=\"elementor-heading-title elementor-size-default\"><a href=\"https:\/\/plumeriakopen.nl\/de\/plumeria\/stekken\/\">Stecklinge<\/a><\/h2>\t\t\t\t<\/div>\n\t\t\t\t<\/div>\n\t\t\t\t<div class=\"elementor-element elementor-element-5ace077 elementor-widget elementor-widget-image\" data-id=\"5ace077\" data-element_type=\"widget\" data-settings=\"{&quot;_animation&quot;:&quot;none&quot;}\" data-widget_type=\"image.default\">\n\t\t\t\t<div class=\"elementor-widget-container\">\n\t\t\t\t\t\t\t\t\t\t\t\t\t\t\t\t<a href=\"https:\/\/plumeriakopen.nl\/de\/plumeria\/stekken\/\">\n\t\t\t\t\t\t\t<img decoding=\"async\" width=\"363\" height=\"363\" src=\"https:\/\/plumeriakopen.nl\/wp-content\/uploads\/2020\/09\/plumeria-stekken-ll-500x500px.jpg\" class=\"elementor-animation-shrink attachment-full size-full wp-image-1300\" alt=\"plumeria-stekken-ll-500x500px\" srcset=\"https:\/\/plumeriakopen.nl\/wp-content\/uploads\/2020\/09\/plumeria-stekken-ll-500x500px.jpg 363w, https:\/\/plumeriakopen.nl\/wp-content\/uploads\/2020\/09\/plumeria-stekken-ll-500x500px-300x300.jpg 300w, https:\/\/plumeriakopen.nl\/wp-content\/uploads\/2020\/09\/plumeria-stekken-ll-500x500px-150x150.jpg 150w\" sizes=\"(max-width: 363px) 100vw, 363px\" \/>\t\t\t\t\t\t\t\t<\/a>\n\t\t\t\t\t\t\t\t\t\t\t\t\t\t\t<\/div>\n\t\t\t\t<\/div>\n\t\t\t\t\t<\/div>\n\t\t<\/div>\n\t\t\t\t<div class=\"elementor-column elementor-col-25 elementor-top-column elementor-element elementor-element-400da57\" data-id=\"400da57\" data-element_type=\"column\">\n\t\t\t<div class=\"elementor-widget-wrap elementor-element-populated\">\n\t\t\t\t\t\t<div class=\"elementor-element elementor-element-1666f33 elementor-widget elementor-widget-heading\" data-id=\"1666f33\" data-element_type=\"widget\" data-widget_type=\"heading.default\">\n\t\t\t\t<div class=\"elementor-widget-container\">\n\t\t\t\t\t<h2 class=\"elementor-heading-title elementor-size-default\"><a href=\"https:\/\/plumeriakopen.nl\/de\/plumeria\/zaailingen\/\">S\u00e4mlinge<\/a><\/h2>\t\t\t\t<\/div>\n\t\t\t\t<\/div>\n\t\t\t\t<div class=\"elementor-element elementor-element-0f0002b elementor-widget elementor-widget-image\" data-id=\"0f0002b\" data-element_type=\"widget\" data-settings=\"{&quot;_animation&quot;:&quot;none&quot;}\" data-widget_type=\"image.default\">\n\t\t\t\t<div class=\"elementor-widget-container\">\n\t\t\t\t\t\t\t\t\t\t\t\t\t\t\t\t<a href=\"https:\/\/plumeriakopen.nl\/de\/plumeria\/zaailingen\/\">\n\t\t\t\t\t\t\t<img loading=\"lazy\" decoding=\"async\" width=\"500\" height=\"500\" src=\"https:\/\/plumeriakopen.nl\/wp-content\/uploads\/2020\/09\/Plumeria-zaailingen-ll-500x500px.jpg\" class=\"elementor-animation-shrink attachment-full size-full wp-image-1304\" alt=\"Plumeria-zaailingen-ll-500x500px\" srcset=\"https:\/\/plumeriakopen.nl\/wp-content\/uploads\/2020\/09\/Plumeria-zaailingen-ll-500x500px.jpg 500w, https:\/\/plumeriakopen.nl\/wp-content\/uploads\/2020\/09\/Plumeria-zaailingen-ll-500x500px-300x300.jpg 300w, https:\/\/plumeriakopen.nl\/wp-content\/uploads\/2020\/09\/Plumeria-zaailingen-ll-500x500px-150x150.jpg 150w\" sizes=\"(max-width: 500px) 100vw, 500px\" \/>\t\t\t\t\t\t\t\t<\/a>\n\t\t\t\t\t\t\t\t\t\t\t\t\t\t\t<\/div>\n\t\t\t\t<\/div>\n\t\t\t\t\t<\/div>\n\t\t<\/div>\n\t\t\t\t<div class=\"elementor-column elementor-col-25 elementor-top-column elementor-element elementor-element-da726bd\" data-id=\"da726bd\" data-element_type=\"column\">\n\t\t\t<div class=\"elementor-widget-wrap elementor-element-populated\">\n\t\t\t\t\t\t<div class=\"elementor-element elementor-element-22af078 elementor-widget elementor-widget-heading\" data-id=\"22af078\" data-element_type=\"widget\" data-widget_type=\"heading.default\">\n\t\t\t\t<div class=\"elementor-widget-container\">\n\t\t\t\t\t<h2 class=\"elementor-heading-title elementor-size-default\"><a href=\"https:\/\/plumeriakopen.nl\/de\/plumeria\/zaden\/\">Samen<\/a><\/h2>\t\t\t\t<\/div>\n\t\t\t\t<\/div>\n\t\t\t\t<div class=\"elementor-element elementor-element-6d26b9b elementor-widget elementor-widget-image\" data-id=\"6d26b9b\" data-element_type=\"widget\" data-settings=\"{&quot;_animation&quot;:&quot;none&quot;}\" data-widget_type=\"image.default\">\n\t\t\t\t<div class=\"elementor-widget-container\">\n\t\t\t\t\t\t\t\t\t\t\t\t\t\t\t\t<a href=\"https:\/\/plumeriakopen.nl\/de\/plumeria\/zaden\/\">\n\t\t\t\t\t\t\t<img loading=\"lazy\" decoding=\"async\" width=\"500\" height=\"500\" src=\"https:\/\/plumeriakopen.nl\/wp-content\/uploads\/2020\/09\/Plumeria-zaden-ll-500x500px.jpg\" class=\"elementor-animation-shrink attachment-full size-full wp-image-1306\" alt=\"Plumeria-zaden-ll-500x500px\" srcset=\"https:\/\/plumeriakopen.nl\/wp-content\/uploads\/2020\/09\/Plumeria-zaden-ll-500x500px.jpg 500w, https:\/\/plumeriakopen.nl\/wp-content\/uploads\/2020\/09\/Plumeria-zaden-ll-500x500px-300x300.jpg 300w, https:\/\/plumeriakopen.nl\/wp-content\/uploads\/2020\/09\/Plumeria-zaden-ll-500x500px-150x150.jpg 150w\" sizes=\"(max-width: 500px) 100vw, 500px\" \/>\t\t\t\t\t\t\t\t<\/a>\n\t\t\t\t\t\t\t\t\t\t\t\t\t\t\t<\/div>\n\t\t\t\t<\/div>\n\t\t\t\t\t<\/div>\n\t\t<\/div>\n\t\t\t\t\t<\/div>\n\t\t<\/section>\n\t\t\t\t<section class=\"elementor-section elementor-top-section elementor-element elementor-element-5f31304 elementor-section-boxed elementor-section-height-default elementor-section-height-default\" data-id=\"5f31304\" data-element_type=\"section\">\n\t\t\t\t\t\t<div class=\"elementor-container elementor-column-gap-default\">\n\t\t\t\t\t<div class=\"elementor-column elementor-col-100 elementor-top-column elementor-element elementor-element-1b8453a\" data-id=\"1b8453a\" data-element_type=\"column\">\n\t\t\t<div class=\"elementor-widget-wrap elementor-element-populated\">\n\t\t\t\t\t\t<div class=\"elementor-element elementor-element-aca61f5 elementor-widget elementor-widget-heading\" data-id=\"aca61f5\" data-element_type=\"widget\" data-widget_type=\"heading.default\">\n\t\t\t\t<div class=\"elementor-widget-container\">\n\t\t\t\t\t<h2 class=\"elementor-heading-title elementor-size-default\">Die Produkte die ich verwende<\/h2>\t\t\t\t<\/div>\n\t\t\t\t<\/div>\n\t\t\t\t\t<\/div>\n\t\t<\/div>\n\t\t\t\t\t<\/div>\n\t\t<\/section>\n\t\t\t\t<section class=\"elementor-section elementor-top-section elementor-element elementor-element-0fed109 elementor-section-boxed elementor-section-height-default elementor-section-height-default\" data-id=\"0fed109\" data-element_type=\"section\" data-settings=\"{&quot;background_background&quot;:&quot;classic&quot;}\">\n\t\t\t\t\t\t\t<div class=\"elementor-background-overlay\"><\/div>\n\t\t\t\t\t\t\t<div class=\"elementor-container elementor-column-gap-default\">\n\t\t\t\t\t<div class=\"elementor-column elementor-col-50 elementor-top-column elementor-element elementor-element-e4664db\" data-id=\"e4664db\" data-element_type=\"column\">\n\t\t\t<div class=\"elementor-widget-wrap elementor-element-populated\">\n\t\t\t\t\t\t<div class=\"elementor-element elementor-element-7d9abcb elementor-widget elementor-widget-image\" data-id=\"7d9abcb\" data-element_type=\"widget\" data-widget_type=\"image.default\">\n\t\t\t\t<div class=\"elementor-widget-container\">\n\t\t\t\t\t\t\t\t\t\t\t\t\t\t\t\t<a href=\"https:\/\/plumeriakopen.nl\/de\/perliet-24l\/\">\n\t\t\t\t\t\t\t<img decoding=\"async\" src=\"https:\/\/plumeriakopen.nl\/wp-content\/uploads\/elementor\/thumbs\/Perliet-grof-2.4L-358x500px-p562yhvfp7cpqx2pxzsmph6qspsawj0jgrfh8bmoe8.png\" title=\"Perliet-grof-2.4L-358x500px\" alt=\"Perliet-grof-2.4L-358x500px\" loading=\"lazy\" \/>\t\t\t\t\t\t\t\t<\/a>\n\t\t\t\t\t\t\t\t\t\t\t\t\t\t\t<\/div>\n\t\t\t\t<\/div>\n\t\t\t\t<div class=\"elementor-element elementor-element-68cac7f elementor-widget elementor-widget-heading\" data-id=\"68cac7f\" data-element_type=\"widget\" data-widget_type=\"heading.default\">\n\t\t\t\t<div class=\"elementor-widget-container\">\n\t\t\t\t\t<h3 class=\"elementor-heading-title elementor-size-default\">Perliet, 2.4L<\/h3>\t\t\t\t<\/div>\n\t\t\t\t<\/div>\n\t\t\t\t\t<\/div>\n\t\t<\/div>\n\t\t\t\t<div class=\"elementor-column elementor-col-50 elementor-top-column elementor-element elementor-element-a7396a5\" data-id=\"a7396a5\" data-element_type=\"column\">\n\t\t\t<div class=\"elementor-widget-wrap elementor-element-populated\">\n\t\t\t\t\t\t<div class=\"elementor-element elementor-element-b2f8afb elementor-widget elementor-widget-image\" data-id=\"b2f8afb\" data-element_type=\"widget\" data-widget_type=\"image.default\">\n\t\t\t\t<div class=\"elementor-widget-container\">\n\t\t\t\t\t\t\t\t\t\t\t\t\t\t\t\t<a href=\"https:\/\/plumeriakopen.nl\/de\/peters-2000\/\">\n\t\t\t\t\t\t\t<img decoding=\"async\" src=\"https:\/\/plumeriakopen.nl\/wp-content\/uploads\/elementor\/thumbs\/Peters-2000-500gr-2-595x500px-p562yt5hz7s5m8mc44o5jec9xc8pgw9bib9azn5ybk.png\" title=\"Peters 2000-500gr-2-595x500px\" alt=\"Peters 2000-500gr-2-595x500px\" loading=\"lazy\" \/>\t\t\t\t\t\t\t\t<\/a>\n\t\t\t\t\t\t\t\t\t\t\t\t\t\t\t<\/div>\n\t\t\t\t<\/div>\n\t\t\t\t<div class=\"elementor-element elementor-element-ef95da3 elementor-widget elementor-widget-heading\" data-id=\"ef95da3\" data-element_type=\"widget\" data-widget_type=\"heading.default\">\n\t\t\t\t<div class=\"elementor-widget-container\">\n\t\t\t\t\t<h3 class=\"elementor-heading-title elementor-size-default\">Peters 2000 500gr.<\/h3>\t\t\t\t<\/div>\n\t\t\t\t<\/div>\n\t\t\t\t\t<\/div>\n\t\t<\/div>\n\t\t\t\t\t<\/div>\n\t\t<\/section>\n\t\t\t\t<section class=\"elementor-section elementor-top-section elementor-element elementor-element-2d98c4ed elementor-section-full_width elementor-section-content-middle elementor-section-height-default elementor-section-height-default\" data-id=\"2d98c4ed\" data-element_type=\"section\" data-settings=\"{&quot;background_background&quot;:&quot;classic&quot;}\">\n\t\t\t\t\t\t<div class=\"elementor-container elementor-column-gap-no\">\n\t\t\t\t\t<div class=\"elementor-column elementor-col-100 elementor-top-column elementor-element elementor-element-437819ce\" data-id=\"437819ce\" data-element_type=\"column\">\n\t\t\t<div class=\"elementor-widget-wrap elementor-element-populated\">\n\t\t\t\t\t\t<div class=\"elementor-element elementor-element-4cdc78c9 elementor-widget elementor-widget-heading\" data-id=\"4cdc78c9\" data-element_type=\"widget\" data-widget_type=\"heading.default\">\n\t\t\t\t<div class=\"elementor-widget-container\">\n\t\t\t\t\t<h3 class=\"elementor-heading-title elementor-size-default\">Was meine Kunden denken<\/h3>\t\t\t\t<\/div>\n\t\t\t\t<\/div>\n\t\t\t\t<section class=\"elementor-section elementor-inner-section elementor-element elementor-element-5d49cd81 elementor-section-boxed elementor-section-height-default elementor-section-height-default\" data-id=\"5d49cd81\" data-element_type=\"section\">\n\t\t\t\t\t\t<div class=\"elementor-container elementor-column-gap-default\">\n\t\t\t\t\t<div class=\"elementor-column elementor-col-33 elementor-inner-column elementor-element elementor-element-5a549a\" data-id=\"5a549a\" data-element_type=\"column\">\n\t\t\t<div class=\"elementor-widget-wrap elementor-element-populated\">\n\t\t\t\t\t\t<div class=\"elementor-element elementor-element-2d689cc8 elementor-view-default elementor-position-block-start elementor-mobile-position-block-start elementor-widget elementor-widget-icon-box\" data-id=\"2d689cc8\" data-element_type=\"widget\" data-widget_type=\"icon-box.default\">\n\t\t\t\t<div class=\"elementor-widget-container\">\n\t\t\t\t\t\t\t<div class=\"elementor-icon-box-wrapper\">\n\n\t\t\t\t\t\t<div class=\"elementor-icon-box-icon\">\n\t\t\t\t<span  class=\"elementor-icon\">\n\t\t\t\t<i aria-hidden=\"true\" class=\"fas fa-quote-right\"><\/i>\t\t\t\t<\/span>\n\t\t\t<\/div>\n\t\t\t\n\t\t\t\t\t\t<div class=\"elementor-icon-box-content\">\n\n\t\t\t\t\n\t\t\t\t\t\t\t\t\t<p class=\"elementor-icon-box-description\">\n\t\t\t\t\t\tNochmals super, super danke f\u00fcr den schnellen Versand!\t\t\t\t\t<\/p>\n\t\t\t\t\n\t\t\t<\/div>\n\t\t\t\n\t\t<\/div>\n\t\t\t\t\t\t<\/div>\n\t\t\t\t<\/div>\n\t\t\t\t\t<\/div>\n\t\t<\/div>\n\t\t\t\t<div class=\"elementor-column elementor-col-33 elementor-inner-column elementor-element elementor-element-c0fa604\" data-id=\"c0fa604\" data-element_type=\"column\">\n\t\t\t<div class=\"elementor-widget-wrap elementor-element-populated\">\n\t\t\t\t\t\t<div class=\"elementor-element elementor-element-2caea55 elementor-view-default elementor-position-block-start elementor-mobile-position-block-start elementor-widget elementor-widget-icon-box\" data-id=\"2caea55\" data-element_type=\"widget\" data-widget_type=\"icon-box.default\">\n\t\t\t\t<div class=\"elementor-widget-container\">\n\t\t\t\t\t\t\t<div class=\"elementor-icon-box-wrapper\">\n\n\t\t\t\t\t\t<div class=\"elementor-icon-box-icon\">\n\t\t\t\t<span  class=\"elementor-icon\">\n\t\t\t\t<i aria-hidden=\"true\" class=\"fas fa-quote-right\"><\/i>\t\t\t\t<\/span>\n\t\t\t<\/div>\n\t\t\t\n\t\t\t\t\t\t<div class=\"elementor-icon-box-content\">\n\n\t\t\t\t\n\t\t\t\t\t\t\t\t\t<p class=\"elementor-icon-box-description\">\n\t\t\t\t\t\tGut, ich bin sehr neugierig. Trotzdem danke, dass Sie so reibungslos gehandelt haben.\t\t\t\t\t<\/p>\n\t\t\t\t\n\t\t\t<\/div>\n\t\t\t\n\t\t<\/div>\n\t\t\t\t\t\t<\/div>\n\t\t\t\t<\/div>\n\t\t\t\t\t<\/div>\n\t\t<\/div>\n\t\t\t\t<div class=\"elementor-column elementor-col-33 elementor-inner-column elementor-element elementor-element-353b236b\" data-id=\"353b236b\" data-element_type=\"column\">\n\t\t\t<div class=\"elementor-widget-wrap elementor-element-populated\">\n\t\t\t\t\t\t<div class=\"elementor-element elementor-element-1ec5ff3f elementor-view-default elementor-position-block-start elementor-mobile-position-block-start elementor-widget elementor-widget-icon-box\" data-id=\"1ec5ff3f\" data-element_type=\"widget\" data-widget_type=\"icon-box.default\">\n\t\t\t\t<div class=\"elementor-widget-container\">\n\t\t\t\t\t\t\t<div class=\"elementor-icon-box-wrapper\">\n\n\t\t\t\t\t\t<div class=\"elementor-icon-box-icon\">\n\t\t\t\t<span  class=\"elementor-icon\">\n\t\t\t\t<i aria-hidden=\"true\" class=\"fas fa-quote-right\"><\/i>\t\t\t\t<\/span>\n\t\t\t<\/div>\n\t\t\t\n\t\t\t\t\t\t<div class=\"elementor-icon-box-content\">\n\n\t\t\t\t\n\t\t\t\t\t\t\t\t\t<p class=\"elementor-icon-box-description\">\n\t\t\t\t\t\tVielen Dank f\u00fcr die Pflanzen. Sch\u00f6nes Wochenende\t\t\t\t\t<\/p>\n\t\t\t\t\n\t\t\t<\/div>\n\t\t\t\n\t\t<\/div>\n\t\t\t\t\t\t<\/div>\n\t\t\t\t<\/div>\n\t\t\t\t\t<\/div>\n\t\t<\/div>\n\t\t\t\t\t<\/div>\n\t\t<\/section>\n\t\t\t\t\t<\/div>\n\t\t<\/div>\n\t\t\t\t\t<\/div>\n\t\t<\/section>\n\t\t\t\t<\/div>","protected":false},"excerpt":{"rendered":"<p>Plumeria Plumeria, Frangipani, Pagoda of ook Tempelboom is een sappige struik of kleine boom. In het droge seizoen kan die bladverliezend zijn. Ze worden ongeveer 3 m hoog en in zijn natuurlijke omgeving kunnen ze 8 m hoog worden. Met afwisselend gerangschikte, tot 40 cm lange, leerachtige, diepgroene lancetvormige bladeren. De bloemen verschijnen meestal in [&hellip;]<\/p>","protected":false},"author":1,"featured_media":0,"parent":0,"menu_order":0,"comment_status":"closed","ping_status":"closed","template":"","meta":{"_seopress_robots_primary_cat":"","_seopress_titles_title":"","_seopress_titles_desc":"","_seopress_robots_index":"","_monsterinsights_skip_tracking":false,"_monsterinsights_sitenote_active":false,"_monsterinsights_sitenote_note":"","_monsterinsights_sitenote_category":0,"footnotes":""},"class_list":["post-7","page","type-page","status-publish","hentry"],"_links":{"self":[{"href":"https:\/\/plumeriakopen.nl\/de\/wp-json\/wp\/v2\/pages\/7","targetHints":{"allow":["GET"]}}],"collection":[{"href":"https:\/\/plumeriakopen.nl\/de\/wp-json\/wp\/v2\/pages"}],"about":[{"href":"https:\/\/plumeriakopen.nl\/de\/wp-json\/wp\/v2\/types\/page"}],"author":[{"embeddable":true,"href":"https:\/\/plumeriakopen.nl\/de\/wp-json\/wp\/v2\/users\/1"}],"replies":[{"embeddable":true,"href":"https:\/\/plumeriakopen.nl\/de\/wp-json\/wp\/v2\/comments?post=7"}],"version-history":[{"count":11,"href":"https:\/\/plumeriakopen.nl\/de\/wp-json\/wp\/v2\/pages\/7\/revisions"}],"predecessor-version":[{"id":1935,"href":"https:\/\/plumeriakopen.nl\/de\/wp-json\/wp\/v2\/pages\/7\/revisions\/1935"}],"wp:attachment":[{"href":"https:\/\/plumeriakopen.nl\/de\/wp-json\/wp\/v2\/media?parent=7"}],"curies":[{"name":"wp","href":"https:\/\/api.w.org\/{rel}","templated":true}]}}